{"id":6040,"date":"2023-10-16T20:18:16","date_gmt":"2023-10-16T18:18:16","guid":{"rendered":"https:\/\/www.campingelfar.com\/politica-sui-cookie\/"},"modified":"2024-09-04T15:32:31","modified_gmt":"2024-09-04T13:32:31","slug":"politica-sui-cookie","status":"publish","type":"page","link":"https:\/\/www.campingelfar.com\/it\/politica-sui-cookie\/","title":{"rendered":"Politica sui cookie"},"content":{"rendered":"\t\t<div data-elementor-type=\"wp-page\" data-elementor-id=\"6040\" class=\"elementor elementor-6040 elementor-2207\" data-elementor-post-type=\"page\">\n\t\t\t\t\t\t<section class=\"elementor-section elementor-top-section elementor-element elementor-element-0aba2d2 elementor-section-boxed elementor-section-height-default elementor-section-height-default\" data-id=\"0aba2d2\" data-element_type=\"section\" data-e-type=\"section\" data-settings=\"{&quot;jet_parallax_layout_list&quot;:[]}\">\n\t\t\t\t\t\t<div class=\"elementor-container elementor-column-gap-default\">\n\t\t\t\t\t<div class=\"elementor-column elementor-col-100 elementor-top-column elementor-element elementor-element-9809f43\" data-id=\"9809f43\" data-element_type=\"column\" data-e-type=\"column\">\n\t\t\t<div class=\"elementor-widget-wrap elementor-element-populated\">\n\t\t\t\t\t\t<div class=\"elementor-element elementor-element-3347b72 elementor-widget elementor-widget-heading\" data-id=\"3347b72\" data-element_type=\"widget\" data-e-type=\"widget\" data-widget_type=\"heading.default\">\n\t\t\t\t<div class=\"elementor-widget-container\">\n\t\t\t\t\t<h1 class=\"elementor-heading-title elementor-size-default\">Politica sui cookie<\/h1>\t\t\t\t<\/div>\n\t\t\t\t<\/div>\n\t\t\t\t<div class=\"elementor-element elementor-element-ceb8bab elementor-widget elementor-widget-text-editor\" data-id=\"ceb8bab\" data-element_type=\"widget\" data-e-type=\"widget\" data-widget_type=\"text-editor.default\">\n\t\t\t\t<div class=\"elementor-widget-container\">\n\t\t\t\t\t\t\t\t\t<h3>INFORMAZIONI SUI COOKIE<\/h3>\n<p>Ai sensi della legge 34\/2002, dell&#8217;11 luglio, sui servizi della societ\u00e0 dell&#8217;informazione e del commercio elettronico (LSSI), in relazione al regolamento (UE) 2016\/679 del Parlamento europeo e del Consiglio, del 27 aprile 2016, al regolamento generale sulla protezione dei dati (GDPR) e alla legge organica 3\/2018, del 5 dicembre,  In conformit\u00e0 con la Protezione dei dati e la garanzia dei diritti digitali (LOPDGDD), \u00e8 obbligatorio ottenere il consenso esplicito dell&#8217;utente di tutti i siti Web che utilizzano cookie superflui, prima di navigarli.<\/p>\n<h3>COSA SONO I COOKIE?<\/h3>\n<p>I cookie e altre tecnologie simili, come gli oggetti locali condivisi, i flash cookie o i pixel, sono strumenti utilizzati dai server Web per memorizzare e recuperare informazioni sui propri visitatori, nonch\u00e9 per garantire il corretto funzionamento del sito.<\/p>\n<p>Attraverso l&#8217;uso di questi dispositivi, il server Web \u00e8 autorizzato a ricordare alcuni dati riguardanti l&#8217;utente, come le sue preferenze per la visualizzazione delle pagine di quel server, nome e password, prodotti che gli interessano maggiormente, ecc.<\/p>\n<h3>COOKIE INTERESSATI DALLA NORMATIVA E COOKIE ESCLUSI<\/h3>\n<p>Secondo la direttiva UE, i cookie che richiedono il consenso informato dell&#8217;utente sono i cookie analitici e i cookie pubblicitari e di affiliazione, ad eccezione di quelli di natura tecnica e di quelli necessari per il funzionamento del sito web o per l&#8217;erogazione di servizi espressamente richiesti dall&#8217;utente.<\/p>\n<h3>TIPI DI COOKIE<\/h3>\n<h4>A SECONDA DELLO SCOPO<\/h4>\n<p><strong>Cookie tecnici e funzionali:<\/strong> sono quelli che consentono all&#8217;utente di navigare attraverso un sito web, una piattaforma o un&#8217;applicazione e di utilizzare le diverse opzioni o servizi che esistono su di esso.<\/p>\n<p><strong>Cookie analitici:<\/strong> sono quelli che consentono al responsabile degli stessi di monitorare e analizzare il comportamento degli utenti dei siti web a cui sono collegati. Le informazioni raccolte attraverso questo tipo di cookie vengono utilizzate per misurare l&#8217;attivit\u00e0 dei siti web, delle applicazioni o delle piattaforme e per creare profili di navigazione degli utenti di tali siti, applicazioni e piattaforme, al fine di apportare miglioramenti in base all&#8217;analisi dei dati di utilizzo effettuata dagli utenti del servizio.<\/p>\n<p><strong>Cookie pubblicitari:<\/strong> sono quelli che consentono la gestione, nel modo pi\u00f9 efficiente possibile, degli spazi pubblicitari che, se del caso, l&#8217;editore ha incluso su un sito web, applicazione o piattaforma da cui fornisce il servizio richiesto in base a criteri quali il contenuto modificato o la frequenza con cui vengono visualizzati gli annunci.<\/p>\n<p><strong>Cookie di pubblicit\u00e0 comportamentale:<\/strong> raccolgono informazioni sulle preferenze e le scelte personali dell&#8217;utente (retargeting) per consentire la gestione, nel modo pi\u00f9 efficiente possibile, degli spazi pubblicitari che, se del caso, l&#8217;editore ha inserito su un sito web, applicazione o piattaforma da cui fornisce il servizio richiesto.<\/p>\n<p><strong>Cookie sociali:<\/strong> sono impostati dalle piattaforme di social media sui Servizi per consentire all&#8217;utente di condividere contenuti con i propri amici e reti. Le piattaforme di social media hanno la capacit\u00e0 di tracciare la tua attivit\u00e0 online al di fuori dei Servizi. Ci\u00f2 potrebbe influire sui contenuti e sui messaggi visualizzati su altri servizi visitati.<\/p>\n<p><strong>Cookie<\/strong> di affiliazione: ci consentono di tracciare le visite da altri siti web, con i quali il sito web stabilisce un contratto di affiliazione (societ\u00e0 affiliate).<\/p>\n<p><strong>Cookie di sicurezza:<\/strong> memorizzano informazioni crittografate per evitare che i dati in essi memorizzati siano vulnerabili ad attacchi dannosi da parte di terzi.<\/p>\n<h3>A SECONDA DELL&#8217;IMMOBILE<\/h3>\n<p><strong>Cookie di prima parte:<\/strong> sono quelli che vengono inviati al terminale dell&#8217;utente da un computer o dominio gestito dall&#8217;editore stesso e dal quale viene erogato il servizio richiesto dall&#8217;utente.<\/p>\n<p><strong>Cookie di terze parti:<\/strong> sono quelli che vengono inviati al terminale dell&#8217;utente da un computer o dominio che non \u00e8 gestito dall&#8217;editore, ma da un&#8217;altra entit\u00e0 che elabora i dati ottenuti tramite i cookie.<\/p>\n<h3>A SECONDA DEL PERIODO DI CONSERVAZIONE<\/h3>\n<p>Cookie di sessione: si tratta di un tipo <strong>di cookie<\/strong> progettato per raccogliere e memorizzare dati mentre l&#8217;utente accede a un sito web.<\/p>\n<p><strong>Cookie persistenti:<\/strong> si tratta di un tipo di cookie in cui i dati sono ancora memorizzati sul terminale e possono essere consultati ed elaborati per un periodo definito dal responsabile del cookie, che pu\u00f2 variare da pochi minuti a diversi anni.<\/p>\n<h3>TRATTAMENTO DEI DATI PERSONALI<\/h3>\n<p>CAMPING TURISME I OCI, S.L. \u00e8 responsabile del trattamento dei dati personali dell&#8217;interessato e lo informa che tali dati saranno trattati in conformit\u00e0 con le disposizioni del Regolamento (UE) 2016\/679, del 27 aprile 2016 (GDPR), per il quale si forniscono le seguenti informazioni sul trattamento:<\/p>\n<p><strong>Finalit\u00e0 del trattamento:<\/strong> come specificato nella sezione relativa ai cookie utilizzati in questo sito web.<\/p>\n<p>Legittimit\u00e0 del <strong>trattamento:<\/strong> salvo i casi in cui sia necessario per la navigazione sul sito web, previo consenso dell&#8217;interessato (art. 6.1 GDPR).<\/p>\n<p><strong>Criteri di conservazione dei dati:<\/strong> come specificato nella sezione relativa ai cookie utilizzati nel sito.<\/p>\n<p><strong>Comunicazione<\/strong> dei dati: i dati non saranno comunicati a terzi, salvo il caso di cookie di titolarit\u00e0 di terzi o per obbligo di legge.<\/p>\n<h5>Diritti dell&#8217;interessato:<\/h5>\n<ul>\n<li>Diritto di revocare il consenso in qualsiasi momento.<\/li>\n<li>Diritto di accesso, rettifica, portabilit\u00e0 e cancellazione dei propri dati, nonch\u00e9 di limitazione o opposizione al loro trattamento.<\/li>\n<li>Il diritto di proporre reclamo all&#8217;Autorit\u00e0 di controllo (www.aepd.es) qualora ritenga che il trattamento non sia conforme alla normativa vigente.<\/li>\n<\/ul>\n<h5>Dati di contatto per l&#8217;esercizio dei diritti:<\/h5>\n<p>Carretera N-II, km 666 \u00b7 08370 CALELLA, (Barcelona) Spagna<\/p>\n\t\t\t\t\t\t\t\t<\/div>\n\t\t\t\t<\/div>\n\t\t\t\t<div class=\"elementor-element elementor-element-92127d8 elementor-widget elementor-widget-html\" data-id=\"92127d8\" data-element_type=\"widget\" data-e-type=\"widget\" data-widget_type=\"html.default\">\n\t\t\t\t<div class=\"elementor-widget-container\">\n\t\t\t\t\t<table class=\"cookies-table\" width=\"99%\" cellspacing=\"0\" cellpadding=\"0\" border=\"1\">\n<tbody>\n<tr>\n<th colspan=\"4\">Tecnico e funzionale<\/th>\n<\/tr>\n<tr>\n<th>Termine dello scopo<\/th><th width=\"10%\"> del <\/th><th width=\"15%\">cookie<\/th> <th width=\"15%\">proprietario<\/th>\n<\/tr>\n<tr>\n<td><\/td><td>&nbsp;<\/td> campingelfar.com<td>Cookie necessario per l'utilizzo delle opzioni e dei servizi del sito web<\/td><td>entro 7 giorni<\/td>\n<\/tr>\n<tr>\n<td><\/td><td>&nbsp;<\/td> campingelfar.com<td>Cookie necessario per l'utilizzo delle opzioni e dei servizi del sito web<\/td><td>in 3 mesi<\/td>\n<\/tr>\n<tr>\n<td>WPML<\/td><td>wp-wpml_current_language<\/td><td>Questo cookie consente di salvare la lingua preferita scelta dall'utente<\/td><td>entro 1 giorno<\/td>\n<\/tr>\n<\/tbody>\n<\/table>\t\t\t\t<\/div>\n\t\t\t\t<\/div>\n\t\t\t\t<div class=\"elementor-element elementor-element-6bcc046 elementor-widget elementor-widget-html\" data-id=\"6bcc046\" data-element_type=\"widget\" data-e-type=\"widget\" data-widget_type=\"html.default\">\n\t\t\t\t<div class=\"elementor-widget-container\">\n\t\t\t\t\t<table class=\"cookies-table\" width=\"99%\" cellspacing=\"0\" cellpadding=\"0\" border=\"1\">\n<tbody>\n<tr>\n<th colspan=\"4\">Analitico<\/th>\n<\/tr>\n<tr>\n<th>Termine dello scopo<\/th><th width=\"10%\"> del <\/th><th width=\"15%\">cookie<\/th> <th width=\"15%\">proprietario<\/th>\n<\/tr>\n\n<tr>\n<td>Google<\/td> <td>_ga<\/td><td>ID utilizzato per identificare gli utenti<\/td><td>in 2 anni<\/td>\n<\/tr>\n<tr>\n<td>ID Google<\/td><td>_gid<\/td><td>utilizzato per identificare gli utenti per 24 ore dopo l'ultima attivit\u00e0<\/td><td>in 22 ore<\/td>\n<\/tr>\n\n<\/tbody>\n<\/table>\t\t\t\t<\/div>\n\t\t\t\t<\/div>\n\t\t\t\t<div class=\"elementor-element elementor-element-dfe0344 elementor-widget elementor-widget-text-editor\" data-id=\"dfe0344\" data-element_type=\"widget\" data-e-type=\"widget\" data-widget_type=\"text-editor.default\">\n\t\t\t\t<div class=\"elementor-widget-container\">\n\t\t\t\t\t\t\t\t\t<h5>COOKIE DI TERZE PARTI<\/h5>\n<p>Da questo pannello \u00e8 possibile configurare i cookie che il sito web pu\u00f2 installare nel proprio browser, ad eccezione dei cookie tecnici o funzionali necessari per la navigazione e l&#8217;utilizzo delle diverse opzioni o servizi offerti.<\/p>\n\t\t\t\t\t\t\t\t<\/div>\n\t\t\t\t<\/div>\n\t\t\t\t<div class=\"elementor-element elementor-element-a6f6b02 elementor-widget elementor-widget-html\" data-id=\"a6f6b02\" data-element_type=\"widget\" data-e-type=\"widget\" data-widget_type=\"html.default\">\n\t\t\t\t<div class=\"elementor-widget-container\">\n\t\t\t\t\t<table class=\"cookies-table\" width=\"99%\" cellspacing=\"0\" cellpadding=\"0\" border=\"1\">\n<tbody>\n\n<tr>\n<th width=\"50%\">Informativa sulla privacy<\/th> <th width=\"50%\">dell'editore<\/th>\n\n<\/tr>\n\n<tr>\n<td>Google Analytics<\/td><td>https:\/\/privacy.google.com\/take-control.html<\/td>\n\n<\/tr>\n\n<\/tbody>\n<\/table>\t\t\t\t<\/div>\n\t\t\t\t<\/div>\n\t\t\t\t<div class=\"elementor-element elementor-element-c7bdb77 elementor-widget elementor-widget-html\" data-id=\"c7bdb77\" data-element_type=\"widget\" data-e-type=\"widget\" data-widget_type=\"html.default\">\n\t\t\t\t<div class=\"elementor-widget-container\">\n\t\t\t\t\t<table class=\"cookies-table\" width=\"99%\" cellspacing=\"0\" cellpadding=\"0\" border=\"1\">\n<tbody>\n<tr>\n<th colspan=\"2\">COME GESTIRE I COOKIE DEL TUO BROWSER<\/th>\n<\/tr>\n<tr>\n\n<td width=\"30%\">  Elimina i cookie dal tuo dispositivo  <\/td>\n<td width=\"70%\">I cookie gi\u00e0 presenti su un dispositivo possono essere eliminati cancellando la cronologia del browser, eliminando cos\u00ec i cookie da tutti i siti Web visitati. Tuttavia, alcune delle informazioni salvate (ad esempio, i dettagli di accesso o le preferenze del sito web) potrebbero anche andare perse.  <\/td>\n<\/tr>\n<tr>\n<td>Gestione dei cookie specifici del sito<\/td><td>Per un controllo pi\u00f9 preciso dei cookie specifici del sito, gli utenti possono regolare le impostazioni sulla privacy e sui cookie nel proprio browser.<\/td>\n<\/tr>\n<tr>\n<td>  Blocca i cookie  <\/td>\n<td>Sebbene la maggior parte dei browser moderni possa essere configurata per impedire l'inserimento dei cookie sui dispositivi, ci\u00f2 pu\u00f2 costringerti a regolare manualmente determinate preferenze ogni volta che visiti un sito o una pagina. Inoltre, alcuni servizi e funzionalit\u00e0 potrebbero non funzionare correttamente (ad esempio, gli accessi al profilo).<\/td>\n<\/tr>\n\n<\/tbody>\n<\/table>\t\t\t\t<\/div>\n\t\t\t\t<\/div>\n\t\t\t\t<div class=\"elementor-element elementor-element-aa6a679 elementor-widget elementor-widget-html\" data-id=\"aa6a679\" data-element_type=\"widget\" data-e-type=\"widget\" data-widget_type=\"html.default\">\n\t\t\t\t<div class=\"elementor-widget-container\">\n\t\t\t\t\t<table class=\"cookies-table\" width=\"99%\" cellspacing=\"0\" cellpadding=\"0\" border=\"1\">\n<tbody>\n<tr>\n<th colspan=\"2\">COME ELIMINARE I COOKIE DAL TUO BROWSER<\/th>\n<\/tr>\n<tr>\n\n<td width=\"30%\">CROMO<\/td><td width=\"70%\">http:\/\/support.google.com\/chrome\/answer\/95647?hl=es<\/td>\n<\/tr>\n<tr>\n<td>BORDO<\/td><td>https:\/\/support.microsoft.com\/es-es\/microsoft-edge\/eliminar-las-cookies-en-microsoft-edge-63947406-40ac-c3b8-57b9-2a946a29ae09<\/td>\n<\/tr>\n<tr>\n<td>INTERNET EXPLORER<\/td><td>https:\/\/support.microsoft.com\/es-es\/help\/278835\/how-to-delete-cookie-files-in-internet-explorer<\/td>\n<\/tr>\n<tr>\n<td>FIREFOX<\/td>\n<td>https:\/\/www.mozilla.org\/es-ES\/privacy\/websites\/#cookies<\/td>\n<tr>\n\n<td width=\"30%\">SAFARI<\/td><td width=\"70%\">https:\/\/support.apple.com\/es-es\/guide\/safari\/sfri11471\/mac<\/td>\n<\/tr>\n<tr>\n<td>OPERA<\/td><td>https:\/\/help.opera.com\/en\/latest\/security-and-privacy\/#clearBrowsingData<\/td>\n<\/tr>\n<\/tbody>\n<\/table>\t\t\t\t<\/div>\n\t\t\t\t<\/div>\n\t\t\t\t\t<\/div>\n\t\t<\/div>\n\t\t\t\t\t<\/div>\n\t\t<\/section>\n\t\t\t\t<\/div>\n\t\t","protected":false},"excerpt":{"rendered":"<p>INFORMAZIONI SUI COOKIE Ai sensi della legge 34\/2002, dell&#8217;11 luglio, sui servizi della societ\u00e0 dell&#8217;informazione e del commercio elettronico (LSSI), in relazione al regolamento (UE) 2016\/679 del Parlamento europeo e del Consiglio, del 27 aprile 2016, al regolamento generale sulla protezione dei dati (GDPR) e alla legge organica 3\/2018, del 5 dicembre, In conformit\u00e0 con [&hellip;]<\/p>\n","protected":false},"author":1,"featured_media":0,"parent":0,"menu_order":0,"comment_status":"closed","ping_status":"closed","template":"","meta":{"footnotes":""},"class_list":["post-6040","page","type-page","status-publish","hentry"],"_links":{"self":[{"href":"https:\/\/www.campingelfar.com\/it\/wp-json\/wp\/v2\/pages\/6040","targetHints":{"allow":["GET"]}}],"collection":[{"href":"https:\/\/www.campingelfar.com\/it\/wp-json\/wp\/v2\/pages"}],"about":[{"href":"https:\/\/www.campingelfar.com\/it\/wp-json\/wp\/v2\/types\/page"}],"author":[{"embeddable":true,"href":"https:\/\/www.campingelfar.com\/it\/wp-json\/wp\/v2\/users\/1"}],"replies":[{"embeddable":true,"href":"https:\/\/www.campingelfar.com\/it\/wp-json\/wp\/v2\/comments?post=6040"}],"version-history":[{"count":0,"href":"https:\/\/www.campingelfar.com\/it\/wp-json\/wp\/v2\/pages\/6040\/revisions"}],"wp:attachment":[{"href":"https:\/\/www.campingelfar.com\/it\/wp-json\/wp\/v2\/media?parent=6040"}],"curies":[{"name":"wp","href":"https:\/\/api.w.org\/{rel}","templated":true}]}}