{"id":5803,"date":"2023-05-10T18:03:23","date_gmt":"2023-05-10T16:03:23","guid":{"rendered":"https:\/\/www.campingelfar.com\/note-legali\/"},"modified":"2023-11-10T11:51:07","modified_gmt":"2023-11-10T10:51:07","slug":"note-legali","status":"publish","type":"page","link":"https:\/\/www.campingelfar.com\/it\/note-legali\/","title":{"rendered":"Note legali"},"content":{"rendered":"\t\t<div data-elementor-type=\"wp-page\" data-elementor-id=\"5803\" class=\"elementor elementor-5803 elementor-1254\" data-elementor-post-type=\"page\">\n\t\t\t\t\t\t<section class=\"elementor-section elementor-top-section elementor-element elementor-element-caa6c28 elementor-section-boxed elementor-section-height-default elementor-section-height-default\" data-id=\"caa6c28\" data-element_type=\"section\" data-e-type=\"section\" data-settings=\"{&quot;jet_parallax_layout_list&quot;:[]}\">\n\t\t\t\t\t\t<div class=\"elementor-container elementor-column-gap-default\">\n\t\t\t\t\t<div class=\"elementor-column elementor-col-100 elementor-top-column elementor-element elementor-element-950b1b1\" data-id=\"950b1b1\" data-element_type=\"column\" data-e-type=\"column\">\n\t\t\t<div class=\"elementor-widget-wrap elementor-element-populated\">\n\t\t\t\t\t\t<div class=\"elementor-element elementor-element-3347b72 elementor-widget elementor-widget-heading\" data-id=\"3347b72\" data-element_type=\"widget\" data-e-type=\"widget\" data-widget_type=\"heading.default\">\n\t\t\t\t<div class=\"elementor-widget-container\">\n\t\t\t\t\t<h1 class=\"elementor-heading-title elementor-size-default\">Note legali<\/h1>\t\t\t\t<\/div>\n\t\t\t\t<\/div>\n\t\t\t\t<div class=\"elementor-element elementor-element-c41e9f5 elementor-widget elementor-widget-text-editor\" data-id=\"c41e9f5\" data-element_type=\"widget\" data-e-type=\"widget\" data-widget_type=\"text-editor.default\">\n\t\t\t\t<div class=\"elementor-widget-container\">\n\t\t\t\t\t\t\t\t\t<h3>Introduzione<\/h3>\n<p>L&#8217;accesso, la navigazione e l&#8217;utilizzo del Sito www.campingelfar.com (di seguito, il &#8220;Sito&#8221;) implica l&#8217;accettazione espressa e senza riserve di tutti i termini delle presenti condizioni d&#8217;uso, aventi la stessa validit\u00e0 ed efficacia di qualsiasi contratto stipulato per iscritto e sottoscritto.<\/p>\n<p>La sua osservanza e conformit\u00e0 sar\u00e0 applicabile nei confronti di qualsiasi persona che acceda, navighi o utilizzi il Sito. Se non si accettano i termini di cui sopra, non accedere, navigare o utilizzare alcuna pagina del sito web.<\/p>\n<h3>1. DATI DELL&#8217;AZIENDA<\/h3>\n<p>Nome di dominio:<u> www.campingelfar.com<\/u><\/p>\n<p>Nome commerciale: CAMPING TURISME I OCI, S.L.<\/p>\n<p>Ragione sociale: CAMPING TURISME I OCI, S.L.<\/p>\n<p>NIF: B62057567<\/p>\n<p>Sede legale: CARRETERA N \u2013 II KM 666, 08370 CALELLA (BARCELONA)<\/p>\n<p>Telefono: 937 690 967<\/p>\n<p>E-mail: <u>info@campingelfar.com<\/u><\/p>\n<p>Iscritta nel Registro (Mercantile \/ Pubblico): Registro Mercantile di BARCELLONA T 31968 , H 35, Registrazione: B202870<\/p>\n<h3>2. FINALIT\u00c0 E AMBITO DI APPLICAZIONE.<\/h3>\n<p>Le presenti condizioni d&#8217;uso regolano l&#8217;accesso, la navigazione e l&#8217;utilizzo del Sito Web, fermo restando che CAMPING TURISME I OCI, SL si riserva il diritto di modificare la presentazione, la configurazione e il contenuto del Sito Web, nonch\u00e9 le condizioni necessarie per il suo accesso e\/o utilizzo. L&#8217;accesso e l&#8217;utilizzo dei contenuti del Sito dopo l&#8217;entrata in vigore delle sue modifiche o cambiamenti implica l&#8217;accettazione degli stessi.<\/p>\n<p>Tuttavia, l&#8217;accesso a determinati contenuti e l&#8217;utilizzo di determinati servizi possono essere soggetti a determinate condizioni specifiche, che saranno, in ogni caso, chiaramente visualizzate e dovranno essere espressamente accettate dagli utenti. Queste condizioni specifiche possono sostituire, integrare o, se del caso, modificare le presenti condizioni specifiche d&#8217;uso.<\/p>\n<p>CAMPING TURISME I OCI, SL si riserva il diritto di modificare, in tutto o in parte, i termini e le condizioni qui stipulati, pubblicando qualsiasi modifica nello stesso modo in cui appaiono le presenti condizioni d&#8217;uso o attraverso qualsiasi tipo di comunicazione indirizzata agli utenti.<\/p>\n<h3>3. ACCESSO E REGISTRAZIONE<\/h3>\n<p>L&#8217;accesso e la navigazione sul Sito non richiedono registrazione. Tuttavia, per acquistare determinati servizi, prenotarli o beneficiare di determinati programmi, tra gli altri, sar\u00e0 necessario compilare i moduli web abilitati a tale scopo. La registrazione al Sito \u00e8, salvo espressa indicazione contraria, gratuita.<\/p>\n<p>Nel caso in cui non disponi di un nome utente e di una password per accedere alle nostre piattaforme private, ospitate sul Sito, devi registrarti dai link e\/o dai moduli abilitati a tale scopo, dove dovrai inserire tutti i tuoi dati reali e veritieri, poich\u00e9 sar\u00e0 l&#8217;unico modo in cui avremo per poter evadere gli eventuali ordini che effettuerai in futuro,  oltre a gestire correttamente il nostro rapporto commerciale.<br \/>L&#8217;accesso al Sito \u00e8 vietato ai minori.<\/p>\n<p>In nessun caso CAMPING TURISME I OCI, SL sar\u00e0 responsabile della veridicit\u00e0 dei dati di registrazione forniti dagli utenti finali, pertanto ciascuno di essi \u00e8 responsabile delle possibili conseguenze, errori e guasti che possono derivare successivamente dalla mancanza di veridicit\u00e0 dei dati.<\/p>\n<h4>3.1. ANNULLA L&#8217;ISCRIZIONE COME UTENTE REGISTRATO<\/h4>\n<p>In qualsiasi momento, gli utenti possono richiedere di essere rimossi dalla piattaforma ospitata sul Sito Web, per cui \u00e8 sufficiente contattare CAMPING TURISME I OCI, SL con i mezzi indicati in ciascuna delle registrazioni o piattaforme.<\/p>\n<p>In ogni caso, una volta effettuata la cancellazione, l&#8217;utente pu\u00f2 richiedere una nuova registrazione come cliente, riservandosi il diritto di CAMPING TURISME I OCI, SL di non ammettere tale registrazione nei casi specifici specificati nella clausola denominata &#8220;Usi non autorizzati&#8221; o in caso di conflitto o controversia che dovesse insorgere tra le parti, da risolvere o risolvere con il riconoscimento della colpa o della negligenza del cliente e\/o del danno a CAMPING TURISME I OCI,  SL, ai suoi collaboratori e associati o ai suoi utenti, clienti o potenziali clienti.<\/p>\n<h3>4. DIRITTI DI PROPRIET\u00c0 INTELLETTUALE E INDUSTRIALE.<\/h3>\n<p>CAMPING TURISME I OCI, SL \u00e8 proprietaria o, se del caso, detiene le licenze corrispondenti per i diritti di propriet\u00e0 intellettuale e industriale del Sito Web, nonch\u00e9 i diritti di propriet\u00e0 intellettuale e industriale sulle informazioni, i materiali e i contenuti dello stesso.<br \/>In nessun caso si pu\u00f2 intendere che l&#8217;accesso, la navigazione e l&#8217;utilizzo del Sito Web da parte dell&#8217;utente implichino una rinuncia, trasmissione, licenza o cessione totale o parziale di tali diritti da parte di CAMPING TURISME I OCI, SL.<\/p>\n<p>L&#8217;utente ha il diritto di utilizzare i contenuti e\/o i servizi del Sito Web all&#8217;interno di un ambiente strettamente domestico.<\/p>\n<p>I riferimenti a marchi registrati o nomi commerciali, o altri segni distintivi, di propriet\u00e0 di CAMPING TURISME I OCI, SL o di terzi, ne vietano implicitamente l&#8217;uso senza il consenso di CAMPING TURISME I OCI, SL o dei suoi legittimi proprietari. In nessun momento, salvo espressa indicazione contraria, l&#8217;accesso, la navigazione o l&#8217;utilizzo del Sito e\/o dei suoi contenuti conferisce all&#8217;utente alcun diritto sui segni distintivi in esso contenuti.<\/p>\n<p>Tutti i diritti di propriet\u00e0 intellettuale e industriale sui contenuti e\/o servizi del Sito sono riservati e, in particolare, \u00e8 vietato modificare, copiare, riprodurre, comunicare pubblicamente, trasformare o distribuire, con qualsiasi mezzo e in qualsiasi forma, tutti o parte dei contenuti inclusi nel Sito, per scopi pubblici o commerciali, senza previa autorizzazione.  espressamente e per iscritto da CAMPING TURISME I OCI, SL o, se del caso, dal titolare dei diritti corrispondenti.<\/p>\n<p>Nel caso in cui l&#8217;utente invii informazioni di qualsiasi tipo a CAMPING TURISME I OCI, SL attraverso uno qualsiasi dei canali abilitati a tale scopo, l&#8217;utente dichiara, garantisce e accetta di avere il diritto di farlo liberamente, che tali informazioni non violano alcun diritto di propriet\u00e0 intellettuale o industriale, segreto commerciale o qualsiasi altro diritto di terzi.  e che tali informazioni non siano riservate o dannose per terzi.<\/p>\n<p>L&#8217;utente riconosce che si assume la responsabilit\u00e0, lasciando indenne CAMPING TURISME I OCI, SL per qualsiasi comunicazione che fornisca personalmente o per suo conto, tale responsabilit\u00e0 raggiungendo senza alcuna restrizione l&#8217;accuratezza, la legalit\u00e0, l&#8217;originalit\u00e0 e la propriet\u00e0 delle stesse.<\/p>\n<h3>5. COLLEGAMENTI<\/h3>\n<h4>5.1 COLLEGAMENTI AD ALTRI SITI WEB<\/h4>\n<p>Nel caso in cui sul Sito Web vengano visualizzati collegamenti ad altre pagine Web per mezzo di diversi pulsanti, link, banner o contenuti collegati, CAMPING TURISME I OCI, SL informa che questi sono gestiti direttamente da terzi, e CAMPING TURISME I OCI, SL non dispone dei mezzi umani o tecnici per conoscere in anticipo e\/o controllare e\/o approvare tutte le informazioni,  contenuti, prodotti o servizi forniti da altri siti Web a cui \u00e8 possibile stabilire collegamenti da questo sito Web.<\/p>\n<p>Di conseguenza, CAMPING TURISME I OCI, SL non pu\u00f2 assumersi alcun tipo di responsabilit\u00e0 per qualsiasi aspetto relativo al sito web a cui pu\u00f2 essere stabilito un collegamento dal sito Web, in particolare, a titolo esemplificativo ma non esaustivo, il suo funzionamento, l&#8217;accesso, i dati, le informazioni, i file, la qualit\u00e0 e l&#8217;affidabilit\u00e0 dei suoi prodotti e servizi.  i propri link e\/o qualsiasi loro contenuto, in generale.<\/p>\n<p>In questo senso, se gli utenti sono effettivamente a conoscenza del fatto che le attivit\u00e0 svolte attraverso questi siti web di terzi sono illegali o contrarie alla morale e\/o all&#8217;ordine pubblico, devono informare immediatamente CAMPING TURISME I OCI, SL in modo che il link di accesso ad essi possa essere disabilitato.  un&#8217;azione che sar\u00e0 attuata nel pi\u00f9 breve tempo possibile.<\/p>\n<p>In ogni caso, la creazione di qualsiasi tipo di collegamento dal Sito Web a un altro sito Web di terzi non implica che esista alcun tipo di relazione, collaborazione o dipendenza tra CAMPING TURISME I OCI, SL e il responsabile del sito Web di terzi.<\/p>\n<h4>5.2 COLLEGAMENTI AD ALTRI SITI WEB<\/h4>\n<p>CAMPING TURISME I OCI, SL mette a disposizione degli utenti, attraverso diversi strumenti e applicazioni, mezzi di collegamento che consentono agli utenti di accedere a canali e pagine in luoghi diversi. L&#8217;unico scopo dell&#8217;installazione di queste applicazioni sul Sito Web \u00e8 quello di fornire agli utenti l&#8217;accesso a questi canali sulle diverse piattaforme e social network.<\/p>\n<p>La creazione di queste applicazioni non implica l&#8217;esistenza di alcun rapporto tra CAMPING TURISME I OCI, SL e il proprietario, produttore o distributore della piattaforma collegata, n\u00e9 l&#8217;accettazione e l&#8217;approvazione da parte di CAMPING TURISME I OCI, SL dei suoi contenuti e\/o servizi, di cui il proprietario, produttore o distributore \u00e8 l&#8217;unico responsabile.<\/p>\n<p>In nessun caso CAMPING TURISME I OCI, SL condivide alcun tipo di informazione privata sui suoi utenti con i proprietari di tali siti web esterni, il suo unico scopo \u00e8 quello di facilitare l&#8217;accesso ad essi da parte degli utenti. In questo senso, tutte le informazioni che l&#8217;utente desidera fornire a queste piattaforme e\/o siti web esterni saranno sotto la propria responsabilit\u00e0, e CAMPING TURISME I OCI, SL non interverr\u00e0 in questo processo.<\/p>\n<p>A causa del fatto che CAMPING TURISME I OCI, SL non ha alcun controllo sui contenuti ospitati su questi canali, l&#8217;utente riconosce e accetta che CAMPING TURISME I OCI, SL non si assume alcuna responsabilit\u00e0 per il contenuto o per i servizi a cui l&#8217;utente pu\u00f2 accedere su dette pagine o per qualsiasi contenuto, prodotto,  servizi, pubblicit\u00e0 o qualsiasi altro materiale ivi disponibile. Per questo motivo, l&#8217;utente deve esercitare la massima cautela nella valutazione e nell&#8217;utilizzo delle informazioni, dei contenuti e dei servizi disponibili sui canali collegati, nonch\u00e9 sulle informazioni proprie o di terzi che desidera condividere su tali canali.<\/p>\n<h4>5.3 COLLEGAMENTI SU ALTRI SITI WEB AL SITO WEB<\/h4>\n<p>CAMPING TURISME I OCI, SL non autorizza la creazione di un link a questo Sito Web da altri siti web che contengano materiali, informazioni o contenuti illeciti, illegali, degradanti, osceni e, in generale, contrari alle leggi, alla morale o all&#8217;ordine pubblico, o alle norme sociali generalmente accettate. In ogni caso, gli utenti possono stabilire link sui rispettivi siti web, a condizione che richiedano l&#8217;autorizzazione preventiva ed esplicita di CAMPING TURISME I OCI, SL<\/p>\n<p>CAMPING TURISME I OCI, SL non ha il potere o i mezzi umani e tecnici per conoscere, controllare o approvare tutte le informazioni, i contenuti, i prodotti o i servizi forniti da altri siti web che hanno stabilito collegamenti a questo sito web. CAMPING TURISME I OCI, SL non si assume alcun tipo di responsabilit\u00e0 per qualsiasi aspetto relativo alle pagine web che stabiliscono questo collegamento a questo sito Web, in particolare, a titolo esemplificativo ma non esaustivo, il loro funzionamento, l&#8217;accesso, i dati, le informazioni, i file, la qualit\u00e0 e l&#8217;affidabilit\u00e0 dei loro prodotti e servizi, i loro collegamenti e\/o qualsiasi loro contenuto,  generalmente.<\/p>\n<h3>6. CONDIZIONI DI UTILIZZO DEL SITO WEB<\/h3>\n<p>L&#8217;accesso o l&#8217;utilizzo del Sito Web per scopi illegali o non autorizzati, con o senza scopi economici, non \u00e8 consentito e, pertanto, le sue conseguenze saranno di esclusiva responsabilit\u00e0 dell&#8217;utente e, pi\u00f9 specificamente e senza che il seguente elenco sia assoluto, \u00e8 vietato:<\/p>\n<ol>\n<li>Utilizzare il Sito Web in qualsiasi modo che possa causare danni, interruzioni, inefficienze o difetti nella sua funzionalit\u00e0 o nel computer di terzi;<\/li>\n<li>Utilizzare il Sito Web per la trasmissione, l&#8217;installazione o la pubblicazione di virus, codici dannosi o altri programmi o file dannosi;<\/li>\n<li>Utilizzare il Sito Web per raccogliere dati personali da altri utenti;<\/li>\n<li>Registrarsi attraverso il Sito Web con una falsa identit\u00e0, impersonare terze persone o utilizzare un profilo o eseguire qualsiasi altra azione che possa confondere gli altri utenti sull&#8217;identit\u00e0 dell&#8217;origine di un messaggio;<\/li>\n<li>Ottenere l&#8217;accesso non autorizzato a qualsiasi sezione del Sito Web, ad altri sistemi o reti collegati alla Piattaforma, a qualsiasi server di CAMPING TURISME I OCI, SL o ai servizi offerti attraverso il Sito Web, mediante hacking o falsificazione, estrazione di password o qualsiasi altro mezzo illegittimo;<\/li>\n<li>Violare, o tentare di violare, le misure di sicurezza o di autenticazione del Sito Web o di qualsiasi rete ad esso collegata, o le misure di sicurezza o protezione inerenti ai contenuti offerti sul Sito Web;<\/li>\n<li>Compiere qualsiasi azione che provochi una saturazione sproporzionata o non necessaria nell&#8217;infrastruttura del Sito Web o nei sistemi o nelle reti di CAMPING TURISME I OCI, SL, nonch\u00e9 nei sistemi e nelle reti collegate al Sito Web; o<\/li>\n<li>Impedire il normale svolgimento di un evento, di un concorso, di una promozione o di qualsiasi altra attivit\u00e0 disponibile attraverso il Sito Web o una qualsiasi delle sue funzionalit\u00e0, alterando o tentando di alterare, illegalmente o in qualsiasi altro modo, l&#8217;accesso, la partecipazione o il funzionamento dello stesso, o falsificando il risultato dello stesso e\/o utilizzando metodi fraudolenti di partecipazione,  attraverso qualsiasi procedura e\/o attraverso qualsiasi pratica che violi o violi in qualsiasi modo le presenti Condizioni d&#8217;uso.<\/li>\n<\/ol>\n<p>Il mancato rispetto di uno qualsiasi degli obblighi di cui sopra da parte dell&#8217;utente pu\u00f2 comportare l&#8217;adozione da parte di CAMPING TURISME I OCI, SL delle misure appropriate protette dalla legge e nell&#8217;esercizio dei suoi diritti o obblighi, che possono portare all&#8217;eliminazione o al blocco dell&#8217;account dell&#8217;utente offeso, senza possibilit\u00e0 di alcun risarcimento per i danni causati.<\/p>\n<h3>7. RESPONSABILIT\u00c0 E GARANZIE.<\/h3>\n<p>CAMPING TURISME I OCI, SL non pu\u00f2 garantire l&#8217;affidabilit\u00e0, l&#8217;utilit\u00e0 o la veridicit\u00e0 di tutte le informazioni e\/o i servizi presenti sul Sito Web, n\u00e9 l&#8217;utilit\u00e0 o la veridicit\u00e0 della documentazione resa disponibile attraverso di esso.<\/p>\n<p>Di conseguenza, CAMPING TURISME I OCI, SL non garantisce e non \u00e8 responsabile per: (i) la continuit\u00e0 dei contenuti del Sito; (ii) l&#8217;assenza di errori in tali contenuti; (iii) l&#8217;assenza di virus e\/o altri componenti dannosi sul Sito o sul server che lo fornisce; (iv) l&#8217;invulnerabilit\u00e0 del Sito e\/o l&#8217;impossibilit\u00e0 di violare le misure di sicurezza ivi adottate; (v) la mancanza di utilit\u00e0 o prestazioni dei contenuti del Sito Web; e (vi) danni causati a se stessi o a terzi da qualsiasi persona che violi le condizioni, le regole e le istruzioni che CAMPING TURISME I OCI, SL stabilisce sul Sito Web o attraverso la violazione dei sistemi di sicurezza del Sito Web.<\/p>\n<p>Tuttavia, CAMPING TURISME I OCI, SL dichiara di aver adottato tutte le misure necessarie, nell&#8217;ambito delle sue possibilit\u00e0 e dello stato dell&#8217;arte, per garantire il funzionamento del Sito Web e per ridurre al minimo gli errori di sistema, sia dal punto di vista tecnico che dal contenuto pubblicato sul Sito Web.<\/p>\n<p>Se l&#8217;utente viene a conoscenza dell&#8217;esistenza di qualsiasi contenuto illecito, illegale, contrario alla legge o che potrebbe comportare una violazione dei diritti di propriet\u00e0 intellettuale o industriale, della normativa applicabile in materia di protezione dei dati personali e\/o di qualsiasi altro diritto, deve informare immediatamente CAMPING TURISME I OCI, SL in modo che possa procedere all&#8217;adozione delle misure appropriate.<\/p>\n<p>CAMPING TURISME I OCI, SL non garantisce la legalit\u00e0, l&#8217;affidabilit\u00e0 e l&#8217;utilit\u00e0 dei contenuti forniti da terzi attraverso il Sito Web.<\/p>\n<p>CAMPING TURISME I OCI, SL non sar\u00e0 responsabile della veridicit\u00e0, della completezza o dell&#8217;aggiornamento delle informazioni pubblicate sul Sito Web da fonti esterne al Sito Web (notizie esterne, rapporti di professionisti esterni, ecc.), nonch\u00e9 di quelle contenute in altri portali Web tramite collegamenti dal Sito Web.<\/p>\n<p>CAMPING TURISME I OCI, SL non sar\u00e0 responsabile per ipotetici danni che potrebbero derivare dall&#8217;uso delle suddette informazioni.<\/p>\n<p>In ogni caso, CAMPING TURISME I OCI, SL si riserva il diritto di sospendere, modificare, limitare o interrompere, temporaneamente o definitivamente, l&#8217;accesso, la navigazione, l&#8217;uso, l&#8217;hosting e\/o il download dei contenuti e\/o l&#8217;utilizzo dei servizi del Sito Web, con o senza preavviso, agli utenti che contravvengono a una qualsiasi delle disposizioni dettagliate nelle presenti condizioni d&#8217;uso.  senza che l&#8217;utente possa pretendere alcun risarcimento per tale causa.<\/p>\n<h3>8. INFORMATIVA SULLA PRIVACY E SUI COOKIE<\/h3>\n<p>In conformit\u00e0 a quanto previsto dalla normativa vigente e applicabile in materia di protezione dei dati personali, tutti i dati personali forniti durante l&#8217;utilizzo del Sito Web saranno trattati in conformit\u00e0 a quanto previsto dalla Privacy Policy che tutti gli utenti devono espressamente accettare per poter utilizzare e registrarsi sul Sito Web.<\/p>\n<p>Qualsiasi utente che accetti le presenti condizioni d&#8217;uso, accetta la nostra Informativa sulla privacy in modo informato, esplicito e inequivocabile, potendo esercitare i diritti che gli corrispondono in questa materia, come riportato nella suddetta Informativa sulla privacy.<\/p>\n<h3>9. LEGGE APPLICABILE E FORO COMPETENTE<\/h3>\n<p>Le presenti Condizioni d&#8217;uso sono regolate dalla legge spagnola. Le parti si sottopongono espressamente, per la risoluzione dei conflitti e la rinuncia a qualsiasi altra giurisdizione, alle corti e ai tribunali di Barcellona.<br \/>Per presentare reclami relativi all&#8217;utilizzo dei nostri servizi, il cliente pu\u00f2 scrivere all&#8217;indirizzo e-mail o fisico indicato nella sezione &#8220;Identificazione&#8221;, impegnandosi a cercare in ogni momento una soluzione amichevole alla controversia.<\/p>\n\t\t\t\t\t\t\t\t<\/div>\n\t\t\t\t<\/div>\n\t\t\t\t<div class=\"elementor-element elementor-element-ed69459 elementor-widget elementor-widget-spacer\" data-id=\"ed69459\" data-element_type=\"widget\" data-e-type=\"widget\" data-widget_type=\"spacer.default\">\n\t\t\t\t<div class=\"elementor-widget-container\">\n\t\t\t\t\t\t\t<div class=\"elementor-spacer\">\n\t\t\t<div class=\"elementor-spacer-inner\"><\/div>\n\t\t<\/div>\n\t\t\t\t\t\t<\/div>\n\t\t\t\t<\/div>\n\t\t\t\t\t<\/div>\n\t\t<\/div>\n\t\t\t\t\t<\/div>\n\t\t<\/section>\n\t\t\t\t<\/div>\n\t\t","protected":false},"excerpt":{"rendered":"<p>Introduzione L&#8217;accesso, la navigazione e l&#8217;utilizzo del Sito www.campingelfar.com (di seguito, il &#8220;Sito&#8221;) implica l&#8217;accettazione espressa e senza riserve di tutti i termini delle presenti condizioni d&#8217;uso, aventi la stessa validit\u00e0 ed efficacia di qualsiasi contratto stipulato per iscritto e sottoscritto. La sua osservanza e conformit\u00e0 sar\u00e0 applicabile nei confronti di qualsiasi persona che acceda, [&hellip;]<\/p>\n","protected":false},"author":2,"featured_media":0,"parent":0,"menu_order":0,"comment_status":"closed","ping_status":"closed","template":"","meta":{"footnotes":""},"class_list":["post-5803","page","type-page","status-publish","hentry"],"_links":{"self":[{"href":"https:\/\/www.campingelfar.com\/it\/wp-json\/wp\/v2\/pages\/5803","targetHints":{"allow":["GET"]}}],"collection":[{"href":"https:\/\/www.campingelfar.com\/it\/wp-json\/wp\/v2\/pages"}],"about":[{"href":"https:\/\/www.campingelfar.com\/it\/wp-json\/wp\/v2\/types\/page"}],"author":[{"embeddable":true,"href":"https:\/\/www.campingelfar.com\/it\/wp-json\/wp\/v2\/users\/2"}],"replies":[{"embeddable":true,"href":"https:\/\/www.campingelfar.com\/it\/wp-json\/wp\/v2\/comments?post=5803"}],"version-history":[{"count":0,"href":"https:\/\/www.campingelfar.com\/it\/wp-json\/wp\/v2\/pages\/5803\/revisions"}],"wp:attachment":[{"href":"https:\/\/www.campingelfar.com\/it\/wp-json\/wp\/v2\/media?parent=5803"}],"curies":[{"name":"wp","href":"https:\/\/api.w.org\/{rel}","templated":true}]}}